{"id":55,"date":"2022-12-26T21:23:40","date_gmt":"2022-12-26T21:23:40","guid":{"rendered":"https:\/\/reflexequation.pt\/wp\/home\/"},"modified":"2024-07-24T10:41:36","modified_gmt":"2024-07-24T10:41:36","slug":"home","status":"publish","type":"page","link":"https:\/\/reflexequation.pt\/wp\/","title":{"rendered":"Home"},"content":{"rendered":"\n\n\n\n\n<h3>Great Design is Transparent<\/h3>\n\n\n\n\n\n<p>We are one of the leading companies in the market<br>Reflexequation Lda is one of the most successful construction companies in the Algarve. <\/p>\n\n\n\n<p>We have already completed more than 50 large and small projects, and that number continues to grow.<br><br>We are a company with experience and know-how in construction specialities, we guarantee the best construction solutions at the best price on the market, we analyse each situation and do all the work to help you realise your projects, we have a team of qualified professionals.<br><br>In addition to its vast technical staff, the company holds a building licence and is qualified to carry out all types of private construction work. We also have our own logistics to carry out our tasks.<\/p>\n\n\n\n\n\n\n\n\n\n\n\n\n\n\n\n\n\n<h3>About Us<\/h3>\n\n\n\n\n\n<p [object NamedNodeMap]><strong style=\"font-family: Arial; color: rgb(0, 0, 0);\">REFLEX<\/strong><span style=\"font-family: Arial; background-color: rgb(255, 255, 255);\"><span style=\"color:#888888;\"><strong>EQUATION<\/strong><\/span> <\/span><strong style=\"font-family: Arial;\">LDA<\/strong><font face=\"Arial\">\u00a0<\/font> company created in 2018, made up of a multidisciplinary and young team, with a high level of rigor, experience and know-how in construction specialties. Our company motto is <b><strong>&#8216;WE BUILD STRONG&#8217;<\/strong><\/b>, with the aim of promoting the best solutions and construction techniques at the best price on the market, in a turnkey concept, providing a total service, from studies and projects to the final product, with customer satisfaction as our main objective. We carry out all types of construction work, buildings, houses, refurbishments, etc. We seek to rebuild the future on the basis of <b><strong>sustainable construction.<\/strong><\/b> <b><strong>We prioritize the rigor and quality of our services, as well as the criteria of the materials to be applied in the act of doing and building well.<\/strong><\/b><\/p>\n\n\n\n<p style=\"\"><b><strong><\/strong><\/b><\/p><p><span style=\"font-size: 14px;\"><strong>CEO\/ Founder&nbsp;<span style=\"font-size:normal;\"><\/span><\/strong><\/span><\/p><p><span style=\"font-size: 14px;\"><strong>Ricardo Martins<span style=\"background-color:#000000;\"><\/span><\/strong><\/span><\/p>\n\n\n\n\n\n\n\n\n\n\n\n\n\n<h3>SERVICES<\/h3>\n\n\n\n\n\n<p [object NamedNodeMap]>REFLEXQUATION LDA provides a range of services in the areas of civil construction, engineering and architecture.<\/p>\n\n\n\n\n\n<p>@Reflexequation lda. Yes we do it! we build strong! Fazemos com a melhor qualidade Remodela\u00e7\u00e3o de espa\u00e7os comerciais no Algarve.<\/p>\n\n\n\n\n\n<p>@Reflexequation lda. has been the industry&#8217;s standard dummy text ever since the 2018<\/p><span style=\"font-family: Courier; color: rgb(0, 0, 0); background-color: rgb(68, 68, 68);\"><h2 class=\"title style-scope ytd-reel-player-header-renderer\" style=\"margin: 0px 0px 12px; padding: 0px; border: 0px; background-image: initial; background-position: initial; background-size: initial; background-repeat: initial; background-attachment: initial; background-origin: initial; background-clip: initial; line-height: 2.2rem; pointer-events: auto; display: -webkit-box; -webkit-box-orient: vertical; -webkit-line-clamp: 3; overflow: hidden;\"><yt-formatted-string class=\"style-scope ytd-reel-player-header-renderer\" style=\"\"><\/yt-formatted-string><\/h2><\/span><h2 class=\"title style-scope ytd-reel-player-header-renderer\" style=\"margin: 0px 0px 12px; padding: 0px; border: 0px; background-image: initial; background-position: initial; background-size: initial; background-repeat: initial; background-attachment: initial; background-origin: initial; background-clip: initial; line-height: 2.2rem; pointer-events: auto; display: -webkit-box; -webkit-box-orient: vertical; -webkit-line-clamp: 3; overflow: hidden;\"><yt-formatted-string class=\"style-scope ytd-reel-player-header-renderer\" style=\"\"><\/yt-formatted-string><\/h2><h2 class=\"title style-scope ytd-reel-player-header-renderer\" style=\"margin: 0px 0px 12px; padding: 0px; border: 0px; background: rgb(255, 255, 255); font-family: Roboto, Arial, sans-serif; font-size: 1.6rem; line-height: 2.2rem; font-weight: 400; pointer-events: auto; display: -webkit-box; -webkit-box-orient: vertical; -webkit-line-clamp: 3; overflow: hidden; text-align: start; text-transform: none;\"><yt-formatted-string class=\"style-scope ytd-reel-player-header-renderer\"><\/yt-formatted-string><\/h2>\n\n\n\n\n\n<p>@Reflexequation lda. has been the industry&#8217;s standard dummy text ever since the 2018, when an unknown printer took a galley of type and scrambled it to make a type specimen book.<\/p>\n\n\n\n\n\n\n\n\n\n<h3>WHAT WE DO<\/h3>\n\n\n\n\n\n<p [object NamedNodeMap]>We do everything from preliminary design to final construction. We offer our clients a turnkey construction service, with the utmost rigour and quality at every stage of any project. Together we build and help you develop your dream project based on your ideas. Our team has extensive experience in the construction industry.<br><\/p>\n\n\n\n\n\n<h3>Our Mission<\/h3>\n\n\n\n\n\n<p [object NamedNodeMap]>We create and produce projects with a high level of design in pursuit of product excellence. We look for the essentials and ensure that each project or space &#8211; domestic, work or hospitality &#8211; becomes unique.<\/p>\n\n\n\n\n\n<h3>AnalysinG<\/h3>\n\n\n\n\n\n<p [object NamedNodeMap]>@Reflexequation lda. dolor sit amet, consectetur adipiscing elit, sed do eiusmod tempor incididunt ut labore et dolore magna aliqua. Commodo odio aenean sed adipiscing diam donec adipiscing tristique risus.\u00a0<\/p>\n\n\n\n\n\n<h3>WorkinG<\/h3>\n\n\n\n\n\n<p [object NamedNodeMap]>@Reflexequation lda.dolor sit amet, consectetur adipiscing elit, sed do eiusmod tempor incididunt ut labore et dolore magna aliqua. Commodo odio aenean sed adipiscing diam donec adipiscing tristique risus.\u00a0<\/p>\n\n\n\n\n\n<h3>Solution<\/h3>\n\n\n\n\n\n<p [object NamedNodeMap]>@Reflexequation lda.dolor sit amet, consectetur adipiscing elit, sed do eiusmod tempor incididunt ut labore et dolore magna aliqua. Commodo odio aenean sed adipiscing diam donec adipiscing tristique risus.\u00a0<\/p>\n\n\n\n\n\n\n\n\n\n<h3>OUR WORK<\/h3>\n\n\n\n\n\n<p [object NamedNodeMap]>Lorem ipsum dolor sit amet, consectetur adipiscing elit, sed do eiusmod tempor incididunt ut labore et dolore magna aliqua. Commodo odio aenean sed adipiscing diam donec adipiscing tristique risus.\u00a0<\/p>\n\n\n\n\n\n\n\n\n\n\n\n\n\n\n\n\n\n\n\n\n\n\n\n\n\n\n\n\n\n\n\n\n\n\n\n\n\n\n\n\n\n\n\n<h3>TESTIMONIALS<\/h3>\n\n\n\n\n\n\n\n\n\n\n<p [object NamedNodeMap]><span style=\"color: rgb(255, 255, 255);\"><strong>\u2018You and your team have done an excellent job in developing new ideas for our project. We continue to admire your creativity and initiative. You are number one\u2019.<\/strong><\/span><\/p>\n\n\n\n<p [object NamedNodeMap]><strong><mark style=\"background-color:rgba(0, 0, 0, 0)\" class=\"has-inline-color has-white-color\">I would like to express my gratitude for the very punctual delivery of your report. Your timely and thorough work is very much appreciated and will hopefully be useful in moving our project forward.<\/mark><\/strong><\/p>\n\n\n\n<p [object NamedNodeMap]><mark style=\"background-color:rgba(0, 0, 0, 0)\" class=\"has-inline-color has-white-color\"><strong>\u2018Congratulations on delivering the project on time! Your team did an excellent job, a very positive experience in time management and communication with all stakeholders.\u2019<\/strong><\/mark><\/p>\n\n\n\n\n\n\n\n","protected":false},"excerpt":{"rendered":"","protected":false},"author":2,"featured_media":0,"parent":0,"menu_order":0,"comment_status":"closed","ping_status":"closed","template":"","meta":{"pagelayer_contact_templates":[],"_pagelayer_content":"","footnotes":""},"class_list":["post-55","page","type-page","status-publish","hentry"],"_links":{"self":[{"href":"https:\/\/reflexequation.pt\/wp\/wp-json\/wp\/v2\/pages\/55","targetHints":{"allow":["GET"]}}],"collection":[{"href":"https:\/\/reflexequation.pt\/wp\/wp-json\/wp\/v2\/pages"}],"about":[{"href":"https:\/\/reflexequation.pt\/wp\/wp-json\/wp\/v2\/types\/page"}],"author":[{"embeddable":true,"href":"https:\/\/reflexequation.pt\/wp\/wp-json\/wp\/v2\/users\/2"}],"replies":[{"embeddable":true,"href":"https:\/\/reflexequation.pt\/wp\/wp-json\/wp\/v2\/comments?post=55"}],"version-history":[{"count":40,"href":"https:\/\/reflexequation.pt\/wp\/wp-json\/wp\/v2\/pages\/55\/revisions"}],"predecessor-version":[{"id":280,"href":"https:\/\/reflexequation.pt\/wp\/wp-json\/wp\/v2\/pages\/55\/revisions\/280"}],"wp:attachment":[{"href":"https:\/\/reflexequation.pt\/wp\/wp-json\/wp\/v2\/media?parent=55"}],"curies":[{"name":"wp","href":"https:\/\/api.w.org\/{rel}","templated":true}]}}